{"id":1077,"date":"2025-04-15T10:10:17","date_gmt":"2025-04-15T15:10:17","guid":{"rendered":"https:\/\/demains.co\/a-la-carte-offers\/"},"modified":"2025-04-28T14:46:09","modified_gmt":"2025-04-28T18:46:09","slug":"a-la-carte-offers","status":"publish","type":"page","link":"https:\/\/demains.co\/en\/a-la-carte-offers\/","title":{"rendered":"\u00c0 la carte offers"},"content":{"rendered":"<div class=\"wpb-content-wrapper\"><p>[vc_row][vc_column][vc_custom_heading text=&#8221;Services to anticipate tomorrow\u2019s needs&#8221; font_container=&#8221;tag:h1|text_align:center|color:%231D3155&#8243; use_theme_fonts=&#8221;yes&#8221; css=&#8221;.vc_custom_1744726199928{margin-bottom: 35px !important;}&#8221;][\/vc_column][\/vc_row][vc_row][vc_column width=&#8221;2\/3&#8243; offset=&#8221;vc_col-lg-offset-2&#8243;][vc_column_text css=&#8221;.vc_custom_1744725921707{margin-bottom: 45px !important;}&#8221;]<span style=\"font-size: 1.2em;\">Vous d\u00e9sirez renforcer les capacit\u00e9s de votre entreprise afin de mieux faire face aux transformations actuelles et futures? La Soci\u00e9t\u00e9 des demains vous accompagne avec un ensemble de services : ateliers, conf\u00e9rences et formations, qui mettent \u00e0 profit les m\u00e9thodes prospectives.<\/span><\/p>\n<div style=\"font-size: 1.2em;\">\n<p>Que vous souhaitiez vous initier aux m\u00e9thodes prospectives ou les adapter aux enjeux sp\u00e9cifiques \u00e0 votre organisation, notre offre cr\u00e9e un environnement propice \u00e0 l&#8217;exploration des futurs possibles, \u00e0 la mobilisation de l\u2019intelligence collective et \u00e0 la prise de d\u00e9cisions \u00e9clair\u00e9es face \u00e0 l\u2019incertitude.<\/p>\n<\/div>\n<p>[\/vc_column_text][\/vc_column][\/vc_row][vc_row][vc_column][vc_tta_tabs style=&#8221;modern&#8221; spacing=&#8221;10&#8243; active_section=&#8221;1&#8243;][vc_tta_section i_icon_fontawesome=&#8221;fas fa-graduation-cap&#8221; add_icon=&#8221;true&#8221; title=&#8221;Training&#8221; tab_id=&#8221;1744724588684-51ee4369-42e2&#8243;][vc_column_text css=&#8221;.vc_custom_1745336507713{margin-bottom: 10px !important;}&#8221;]<\/p>\n<h3>D\u00e9couvrir la prospective dans l\u2019action<\/h3>\n<h4>Formation autonome \u2013 S\u2019initier \u00e0 la prospective, \u00e0 son rythme<\/h4>\n<p>Vous \u00eates curieux\u00b7se de d\u00e9couvrir la prospective, sans engagement formel ni horaire \u00e0 bloquer ? Cette formation autonome est con\u00e7ue pour vous! Re\u00e7ue directement par courriel, elle vous guide \u00e0 travers cinq notions cl\u00e9s de la prospective pr\u00e9sent\u00e9es de mani\u00e8re claire, accessible et stimulante. Chaque notion est suivie d\u2019un court exercice pratique. \u00c0 faire seul\u00b7e, \u00e0 votre rythme, cette initiation permet de mieux comprendre les principes de la pens\u00e9e future et de d\u00e9velopper une posture de prospectiviste.[\/vc_column_text][lab_button title=&#8221;Subscribe&#8221; type=&#8221;standard&#8221; button_bg=&#8221;custom&#8221; button_txt_custom=&#8221;#FFFFFF&#8221; button_txt_hover_custom=&#8221;#1D3155&#8243; css=&#8221;.vc_custom_1745865855095{margin-bottom: 35px !important;}&#8221; link=&#8221;url:https%3A%2F%2Fdemains.gumroad.com%2Fl%2Fgrxdd|title:Subscribe|target:_blank|&#8221;][vc_column_text css=&#8221;&#8221;]<\/p>\n<h4>Formation en organisation<\/h4>\n<p>Vous souhaitez aller plus loin et int\u00e9grer la prospective dans votre pratique professionnelle ? Nos formations synchrones (en pr\u00e9sentiel ou en ligne) sont con\u00e7ues pour les \u00e9quipes et les organisations d\u00e9sireuses d\u2019agir avec m\u00e9thode face \u00e0 l\u2019incertitude. Offertes en diff\u00e9rents formats (en 4 h, 6 h ou 8 h pouvant \u00eatre r\u00e9parties en blocs de 2h ou 3h), elles sont flexibles et adaptables \u00e0 votre r\u00e9alit\u00e9.<\/p>\n<p>Deux volets sont pr\u00e9sentement propos\u00e9s, modulables selon votre secteur d\u2019activit\u00e9 :[\/vc_column_text][vc_row_inner css=&#8221;.vc_custom_1745336561843{margin-top: 0px !important;}&#8221;][vc_column_inner width=&#8221;1\/2&#8243;][vc_column_text css=&#8221;.vc_custom_1745336708778{margin-bottom: 0px !important;padding-top: 20px !important;padding-right: 20px !important;padding-bottom: 20px !important;padding-left: 20px !important;background-color: #D8E5FC !important;border-radius: 5px !important;border-color: #D8E5FC !important;}&#8221; el_class=&#8221;.service-boxes .xlong-boxes&#8221;]<\/p>\n<h5>Appliquer la prospective en entreprise<\/h5>\n<p>Comment prendre des d\u00e9cisions \u00e9clair\u00e9es dans un monde incertain ? Cette formation vous initie aux m\u00e9thodes et outils de la prospective appliqu\u00e9e au contexte organisationnel. \u00c0 travers des exemples concrets et des exercices adapt\u00e9s \u00e0 votre r\u00e9alit\u00e9, vous apprendrez \u00e0 identifier des signaux faibles, explorer des futurs possibles, construire des sc\u00e9narios et imaginer des strat\u00e9gies plus r\u00e9silientes. Une occasion de prendre du recul, d\u2019\u00e9largir votre champ de vision et de mobiliser votre \u00e9quipe autour d\u2019une vision partag\u00e9e de l\u2019avenir.[\/vc_column_text][\/vc_column_inner][vc_column_inner width=&#8221;1\/2&#8243;][vc_column_text css=&#8221;.vc_custom_1745336717044{margin-bottom: 0px !important;padding-top: 20px !important;padding-right: 20px !important;padding-bottom: 20px !important;padding-left: 20px !important;background-color: #D8E5FC !important;border-radius: 5px !important;border-color: #D8E5FC !important;}&#8221; el_class=&#8221;.service-boxes .xlong-boxes&#8221;]<\/p>\n<h5>Structurer une veille anticipatoire efficace<\/h5>\n<p>La veille est bien plus qu\u2019une simple collecte d\u2019informations : c\u2019est un levier d\u2019anticipation et de d\u00e9cision. Cette formation vous outille pour b\u00e2tir une veille adapt\u00e9e \u00e0 vos enjeux, en int\u00e9grant une lecture prospective du changement. Vous apprendrez \u00e0 d\u00e9finir vos axes de veille, choisir les bonnes sources, organiser l\u2019information collect\u00e9e et produire des analyses utiles \u00e0 votre prise de d\u00e9cision. Une attention particuli\u00e8re est port\u00e9e \u00e0 la d\u00e9tection des signaux faibles, ces indices pr\u00e9coces qui permettent de rep\u00e9rer les transformations \u00e9mergentes avant qu\u2019elles ne deviennent visibles \u00e0 grande \u00e9chelle. Une approche m\u00e9thodique et mobilisatrice pour transformer l\u2019information en intelligence strat\u00e9gique.[\/vc_column_text][\/vc_column_inner][\/vc_row_inner][lab_button title=&#8221;Interested? Write to us for more details &#8221; type=&#8221;standard&#8221; button_bg=&#8221;custom&#8221; link=&#8221;url:mailto%3Ainfo%40demains.co|&#8221; button_txt_custom=&#8221;#FFFFFF&#8221; button_txt_hover_custom=&#8221;#1D3155&#8243; css=&#8221;.vc_custom_1745336889391{margin-bottom: 35px !important;}&#8221;][\/vc_tta_section][vc_tta_section i_icon_fontawesome=&#8221;fas fa-comment&#8221; add_icon=&#8221;true&#8221; title=&#8221;Conferences&#8221; tab_id=&#8221;1744724588687-fef26a72-c1cb&#8221;][vc_column_text css=&#8221;.vc_custom_1745336902125{margin-bottom: 35px !important;}&#8221;]<\/p>\n<h3>Inspirer, mobiliser, transformer les perspectives<\/h3>\n<p>Envie de provoquer une prise de conscience, de stimuler la r\u00e9flexion ou de faire bouger les choses? Nos conf\u00e9rences sont con\u00e7ues pour mobiliser les \u00e9quipes et changer le discours habituel en introduisant de nouvelles fa\u00e7ons d\u2019envisager le monde qui vient. Offertes en format de 30 minutes \u00e0 1 h 30, elles s\u2019adaptent \u00e0 vos \u00e9v\u00e9nements ou rencontres strat\u00e9giques, et peuvent \u00eatre jumel\u00e9es \u00e0 des ateliers pour approfondir la mise en action.<\/p>\n<p>Quatre th\u00e9matiques sont propos\u00e9es :[\/vc_column_text][vc_row_inner css=&#8221;.vc_custom_1745336912190{margin-top: 0px !important;margin-bottom: 35px !important;}&#8221;][vc_column_inner width=&#8221;1\/2&#8243;][vc_column_text css=&#8221;.vc_custom_1745335983281{margin-bottom: 0px !important;padding-top: 20px !important;padding-right: 20px !important;padding-bottom: 20px !important;padding-left: 20px !important;background-color: #D8E5FC !important;border-radius: 5px !important;border-color: #D8E5FC !important;}&#8221; el_class=&#8221;.service-boxes .long-boxes&#8221;]<\/p>\n<h4>Cultiver les futurs \u2013 Pourquoi s\u2019int\u00e9resser \u00e0 la prospective ?<\/h4>\n<p>Et si on arr\u00eatait de penser que demain sera une simple extension d\u2019aujourd\u2019hui ? Cette conf\u00e9rence invite \u00e0 faire un pas de c\u00f4t\u00e9 pour mieux comprendre l\u2019int\u00e9r\u00eat \u2013 et la n\u00e9cessit\u00e9 \u2013 de r\u00e9fl\u00e9chir aux futurs possibles. Accessible et inspirante, elle introduit les bases de la pens\u00e9e prospective et bouscule les r\u00e9flexes ancr\u00e9s. En cultivant une posture d\u2019ouverture, de curiosit\u00e9 et d\u2019agilit\u00e9, elle donne envie d\u2019agir autrement face \u00e0 l\u2019incertitude. Un puissant d\u00e9clencheur pour amorcer une transformation individuelle et collective.[\/vc_column_text][\/vc_column_inner][vc_column_inner width=&#8221;1\/2&#8243;][vc_column_text css=&#8221;.vc_custom_1745335970466{margin-bottom: 0px !important;padding-top: 20px !important;padding-right: 20px !important;padding-bottom: 20px !important;padding-left: 20px !important;background-color: #D8E5FC !important;border-radius: 5px !important;border-color: #D8E5FC !important;}&#8221; el_class=&#8221;.service-boxes .long-boxes&#8221;]<\/p>\n<h4>Conf\u00e9rence 2 : Au del\u00e0 des tendances<\/h4>\n<p>Pour La Soci\u00e9t\u00e9 des demains, le futur est plus qu\u2019une simple projection des tendances actuelles. Cette conf\u00e9rence propose d&#8217;explorer les multiples fa\u00e7ons d&#8217;imaginer demain et de d\u00e9passer la pens\u00e9e unique qui fa\u00e7onne trop souvent nos visions du futur. \u00c0 travers des exemples concrets, elle met en lumi\u00e8re les limites d\u2019une approche bas\u00e9e uniquement sur les tendances et invite \u00e0 ouvrir le champ des possibles. Une exploration stimulante pour repenser notre mani\u00e8re d\u2019anticiper l\u2019avenir.[\/vc_column_text][\/vc_column_inner][\/vc_row_inner][vc_row_inner equal_height=&#8221;yes&#8221;][vc_column_inner width=&#8221;1\/2&#8243;][vc_column_text css=&#8221;.vc_custom_1745337125711{margin-bottom: 0px !important;padding-top: 20px !important;padding-right: 20px !important;padding-bottom: 20px !important;padding-left: 20px !important;background-color: #D8E5FC !important;border-radius: 5px !important;border-color: #D8E5FC !important;}&#8221; el_class=&#8221;.service-boxes .xxlong-boxes&#8221;]<\/p>\n<h4>Une journ\u00e9e en 2035 \u2013 Rendre tangibles les grandes mutations technologiques<\/h4>\n<p>L\u2019omnipr\u00e9sence des discours sur l\u2019intelligence artificielle, les donn\u00e9es massives ou l\u2019automatisation g\u00e9n\u00e8re souvent plus de flou que de compr\u00e9hension. Cette conf\u00e9rence propose un exercice de projection \u00e9clairant : une journ\u00e9e ordinaire en 2035, racont\u00e9e \u00e0 hauteur humaine, pour incarner les mutations technologiques \u00e0 venir.<\/p>\n<p>En explorant les sph\u00e8res du travail, de la vie familiale, des communications et de la mobilit\u00e9, elle permet de mieux saisir les effets syst\u00e9miques des technologies \u00e9mergentes \u2013 souvent surestim\u00e9s \u00e0 court terme, mais profond\u00e9ment transformateurs \u00e0 long terme.<\/p>\n<p>Un cadre stimulant pour renouer avec une lecture critique de l\u2019environnement technologique, affiner notre capacit\u00e9 d\u2019anticipation et ouvrir un dialogue lucide sur les futurs en construction.[\/vc_column_text][\/vc_column_inner][vc_column_inner width=&#8221;1\/2&#8243;][vc_column_text css=&#8221;.vc_custom_1745337135677{margin-bottom: 0px !important;padding-top: 20px !important;padding-right: 20px !important;padding-bottom: 20px !important;padding-left: 20px !important;background-color: #D8E5FC !important;border-radius: 5px !important;border-color: #D8E5FC !important;}&#8221; el_class=&#8221;.service-boxes .xxlong-boxes&#8221;]<\/p>\n<h4>Conf\u00e9rence sur mesure \u2013 Signaux faibles et Moteurs de changements propres \u00e0 VOTRE secteur<\/h4>\n<p>Chaque secteur est travers\u00e9 par ses propres dynamiques, mutations et incertitudes. Cette conf\u00e9rence sur mesure propose un portrait prospectif cibl\u00e9, construit sp\u00e9cifiquement pour votre domaine d\u2019activit\u00e9. En croisant les moteurs de changements propres vous concernant de pr\u00e8s ou de loin et signaux faibles \u00e9mergents, elle dresse une cartographie claire des transformations en cours et \u00e0 venir, afin de nourrir la r\u00e9flexion strat\u00e9gique et outiller la prise de d\u00e9cision.[\/vc_column_text][\/vc_column_inner][\/vc_row_inner][lab_button title=&#8221;Would you like to reserve a Demains conference? Book here. &#8221; type=&#8221;standard&#8221; button_bg=&#8221;custom&#8221; link=&#8221;url:mailto%3Ainfo%40demains.co|&#8221; button_txt_custom=&#8221;#FFFFFF&#8221; button_txt_hover_custom=&#8221;#1D3155&#8243; css=&#8221;.vc_custom_1745336926974{margin-bottom: 35px !important;}&#8221;][\/vc_tta_section][vc_tta_section i_icon_fontawesome=&#8221;fas fa-toolbox&#8221; add_icon=&#8221;true&#8221; title=&#8221;Workshops&#8221; tab_id=&#8221;1744725359761-3d818556-f47f&#8221;][vc_column_text css=&#8221;&#8221;]<\/p>\n<h3>Oxyg\u00e9ner les r\u00e9flexions, raviver les imaginaires<\/h3>\n<p>Envie d\u2019offrir \u00e0 votre \u00e9quipe un moment qui sort du cadre habituel ? Nos ateliers sont con\u00e7us comme des espaces d\u2019exploration et de stimulation de l&#8217;intelligence collective, parfaits pour stimuler l\u2019esprit d\u2019\u00e9quipe, sortir des patterns routiniers et faire \u00e9merger des perspectives inattendues. En int\u00e9grant les outils de la prospective, ces sessions permettent d\u2019aligner vision, enjeux et actions concr\u00e8tes afin d\u2019anticiper les transformations \u00e0 venir et de construire des trajectoires d\u2019avenir ambitieuses et r\u00e9alistes.<\/p>\n<p>Chaque atelier est construit autour d\u2019une grande question : \u00ab Les futurs de\u2026 \u00bb. Cette approche th\u00e9matique permet de faire r\u00e9sonner l\u2019exercice avec les pr\u00e9occupations concr\u00e8tes de votre secteur ou de votre organisation.<\/p>\n<p>Inspirants, \u00e9clairants et dynamiques, ces ateliers offrent une bouff\u00e9e d\u2019air frais en mettant \u00e0 l&#8217;\u0153uvre un processus transformateur n\u00e9cessitant une posture nouvelle &#8211; la prospective.[\/vc_column_text][vc_row_inner equal_height=&#8221;yes&#8221; css=&#8221;.vc_custom_1745336941708{margin-top: 0px !important;margin-bottom: 35px !important;}&#8221;][vc_column_inner width=&#8221;1\/2&#8243; css=&#8221;.vc_custom_1745335190131{margin-top: 0px !important;margin-bottom: 0px !important;}&#8221;][vc_column_text css=&#8221;.vc_custom_1745335755699{margin-bottom: 0px !important;padding-top: 20px !important;padding-right: 20px !important;padding-bottom: 20px !important;padding-left: 20px !important;background-color: #D8E5FC !important;border-radius: 5px !important;border-color: #D8E5FC !important;}&#8221; el_class=&#8221;.service-boxes .long-boxes&#8221;]<\/p>\n<h4>Les futurs des comp\u00e9tences au travail<\/h4>\n<p>Dans un contexte de forte automatisation, cet atelier invite \u00e0 r\u00e9fl\u00e9chir \u00e0 l\u2019\u00e9volution des comp\u00e9tences humaines \u2013 empathie, pens\u00e9e critique, collaboration \u2013 qui prendront une place centrale dans les organisations de demain. Une occasion d\u2019explorer, en \u00e9quipe, comment valoriser et d\u00e9velopper ces soft skills dans un environnement en transformation.[\/vc_column_text][\/vc_column_inner][vc_column_inner width=&#8221;1\/2&#8243;][vc_column_text css=&#8221;.vc_custom_1745335769649{margin-bottom: 0px !important;padding-top: 20px !important;padding-right: 20px !important;padding-bottom: 20px !important;padding-left: 20px !important;background-color: #D8E5FC !important;border-radius: 5px !important;border-color: #D8E5FC !important;}&#8221; el_class=&#8221;.service-boxes .long-boxes&#8221;]<\/p>\n<h4>Les futurs de la cr\u00e9ativit\u00e9<\/h4>\n<p>La cr\u00e9ativit\u00e9 est un moteur puissant d\u2019innovation, mais comment se renouvelle-t-elle dans un monde satur\u00e9 de g\u00e9n\u00e9ration artificielle et d\u2019algorithmes ? Cet atelier propose de questionner nos fa\u00e7ons de cr\u00e9er, de collaborer et d\u2019imaginer pour lib\u00e9rer de nouvelles formes d\u2019expression.[\/vc_column_text][\/vc_column_inner][\/vc_row_inner][vc_row_inner css=&#8221;.vc_custom_1745335247335{margin-bottom: 0px !important;}&#8221;][vc_column_inner width=&#8221;1\/2&#8243;][vc_column_text css=&#8221;.vc_custom_1745335784397{padding-top: 20px !important;padding-right: 20px !important;padding-bottom: 20px !important;padding-left: 20px !important;background-color: #D8E5FC !important;border-radius: 5px !important;border-color: #D8E5FC !important;}&#8221; el_class=&#8221;.service-boxes&#8221;]<\/p>\n<h4>Les futurs du bien-\u00eatre au travail<\/h4>\n<p>Burnout, hyperconnectivit\u00e9, sant\u00e9 mentale : les rep\u00e8res du bien-\u00eatre au travail sont en pleine red\u00e9finition. Cet atelier ouvre un espace pour penser autrement les conditions d\u2019un environnement sain, motivant et humain.[\/vc_column_text][\/vc_column_inner][vc_column_inner width=&#8221;1\/2&#8243;][vc_column_text css=&#8221;.vc_custom_1745335798931{margin-bottom: 20px !important;padding-top: 20px !important;padding-right: 20px !important;padding-bottom: 20px !important;padding-left: 20px !important;background-color: #D8E5FC !important;border-radius: 5px !important;border-color: #D8E5FC !important;}&#8221; el_class=&#8221;.service-boxes&#8221;]<\/p>\n<h4>Les futurs des villes<\/h4>\n<p>Entre crises climatiques, mutations sociales et bouleversements technologiques, \u00e0 quoi ressembleront les villes de demain ? Cet atelier permet d\u2019imaginer de nouveaux r\u00e9cits urbains, des territoires plus empathiques, adaptatifs et durables.[\/vc_column_text][\/vc_column_inner][\/vc_row_inner][vc_column_text css=&#8221;&#8221;]*Do you have another \u201cFuture of\u201d in mind? Write to us, we\u2019re curious by nature![\/vc_column_text][lab_button title=&#8221;Contact us to book your next Demains workshop&#8221; type=&#8221;standard&#8221; button_bg=&#8221;custom&#8221; link=&#8221;url:mailto%3Ainfo%40demains.co|&#8221; css=&#8221;.vc_custom_1745336950258{margin-top: 35px !important;margin-bottom: 35px !important;}&#8221; button_txt_custom=&#8221;#FFFFFF&#8221; button_txt_hover_custom=&#8221;#1D3155&#8243;][\/vc_tta_section][\/vc_tta_tabs][\/vc_column][\/vc_row]<\/p>\n<\/div>","protected":false},"excerpt":{"rendered":"<p>[vc_row][vc_column][vc_custom_heading text=&#8221;Services to anticipate tomorrow\u2019s needs&#8221; font_container=&#8221;tag:h1|text_align:center|color:%231D3155&#8243; use_theme_fonts=&#8221;yes&#8221; css=&#8221;.vc_custom_1744726199928{margin-bottom: 35px !important;}&#8221;][\/vc_column][\/vc_row][vc_row][vc_column width=&#8221;2\/3&#8243; offset=&#8221;vc_col-lg-offset-2&#8243;][vc_column_text css=&#8221;.vc_custom_1744725921707{margin-bottom: 45px !important;}&#8221;]Vous d\u00e9sirez renforcer les capacit\u00e9s de votre entreprise afin de mieux faire face aux transformations actuelles et futures? La Soci\u00e9t\u00e9 des demains vous accompagne avec un ensemble de services : ateliers, conf\u00e9rences et formations, qui mettent \u00e0 profit les m\u00e9thodes&hellip;<\/p>\n","protected":false},"author":1,"featured_media":0,"parent":0,"menu_order":0,"comment_status":"closed","ping_status":"closed","template":"","meta":{"footnotes":""},"class_list":["post-1077","page","type-page","status-publish","hentry"],"_links":{"self":[{"href":"https:\/\/demains.co\/en\/wp-json\/wp\/v2\/pages\/1077","targetHints":{"allow":["GET"]}}],"collection":[{"href":"https:\/\/demains.co\/en\/wp-json\/wp\/v2\/pages"}],"about":[{"href":"https:\/\/demains.co\/en\/wp-json\/wp\/v2\/types\/page"}],"author":[{"embeddable":true,"href":"https:\/\/demains.co\/en\/wp-json\/wp\/v2\/users\/1"}],"replies":[{"embeddable":true,"href":"https:\/\/demains.co\/en\/wp-json\/wp\/v2\/comments?post=1077"}],"version-history":[{"count":5,"href":"https:\/\/demains.co\/en\/wp-json\/wp\/v2\/pages\/1077\/revisions"}],"predecessor-version":[{"id":1086,"href":"https:\/\/demains.co\/en\/wp-json\/wp\/v2\/pages\/1077\/revisions\/1086"}],"wp:attachment":[{"href":"https:\/\/demains.co\/en\/wp-json\/wp\/v2\/media?parent=1077"}],"curies":[{"name":"wp","href":"https:\/\/api.w.org\/{rel}","templated":true}]}}