{"id":969,"date":"2025-02-20T16:46:50","date_gmt":"2025-02-20T21:46:50","guid":{"rendered":"https:\/\/dev.demains.co\/home\/"},"modified":"2025-02-26T10:23:56","modified_gmt":"2025-02-26T14:23:56","slug":"home","status":"publish","type":"page","link":"https:\/\/demains.co\/en\/","title":{"rendered":"Home"},"content":{"rendered":"<div class=\"wpb-content-wrapper\"><p>[vc_row full_width=&#8221;stretch_row&#8221; content_placement=&#8221;middle&#8221; css=&#8221;.vc_custom_1740501832673{margin-bottom: 25px !important;padding-top: 20px !important;padding-right: 35px !important;padding-bottom: 20px !important;padding-left: 35px !important;background-color: #1D3155 !important;}&#8221;][vc_column width=&#8221;1\/2&#8243; offset=&#8221;vc_col-lg-offset-0&#8243; css=&#8221;.vc_custom_1740408715225{margin-right: 20px !important;margin-bottom: 20px !important;}&#8221;][vc_custom_heading text=&#8221;Demain is French for tomorrow. We can shape it together, starting today&#8221; font_container=&#8221;tag:h1|text_align:left|color:%23FFFFFF&#8221; use_theme_fonts=&#8221;yes&#8221; css=&#8221;&#8221;][vc_column_text css=&#8221;&#8221;]<\/p>\n<div style=\"font-size: 1.2em; line-height: 1.5em; color: #fff;\">\n<p>What if uncertainty became your best asset?<\/p>\n<p>In today\u2019s fast-paced world, traditional planning methods have their limits. It&#8217;s essential to adopt a more innovative approach: <a href=\"https:\/\/dev.demains.co\/en\/foresight\/\">foresight<\/a>.<\/p>\n<p>Our expertise enables you to anticipate change, explore possible futures and make informed strategic decisions.<\/p>\n<p>At la Soci\u00e9t\u00e9 des Demains, we turn complexity into opportunity.<\/p><\/div>\n<p>[\/vc_column_text][\/vc_column][vc_column width=&#8221;1\/2&#8243;][vc_single_image image=&#8221;799&#8243; img_size=&#8221;large&#8221; css=&#8221;&#8221;][\/vc_column][\/vc_row][vc_row css=&#8221;.vc_custom_1740090006350{border-radius: 35px !important;}&#8221;][vc_column width=&#8221;2\/3&#8243; offset=&#8221;vc_col-lg-offset-2&#8243; css=&#8221;.vc_custom_1740098685565{margin-top: 20px !important;margin-bottom: 20px !important;}&#8221; el_class=&#8221;my-pullquote&#8221;][vc_column_text css=&#8221;.vc_custom_1740087498013{border-radius: 1px !important;}&#8221;]<\/p>\n<blockquote>\n<p style=\"text-align: center;\"><em>\u201c<\/em><em>The future belongs to those who see the possibilities before they become obvious.\u201d<\/em><\/p>\n<p style=\"text-align: center;\">-Theodore Levitt<\/p>\n<\/blockquote>\n<p>[\/vc_column_text][vc_separator el_width=&#8221;70&#8243; css=&#8221;.vc_custom_1740088250872{padding-top: 20px !important;padding-bottom: 20px !important;}&#8221;][vc_column_text css=&#8221;&#8221;]<span style=\"line-height: 1.5em;\">Did you know that you can learn to anticipate the future to guide your decisions today? That\u2019s what foresight is all about, based on methods that have been tried and tested since the 1950s! A popular strategic tool in business and public policy in Europe and the United States, foresight methods are particularly well-suited to a variety of rapidly evolving situations, organizations and environments.  <\/span>[\/vc_column_text][vc_column_text css=&#8221;&#8221;]<span style=\"line-height: 1.5em;\">Did you know that you can learn to anticipate the future to guide your decisions today? That\u2019s what foresight is all about, based on methods that have been tried and tested since the 1950s! A popular strategic tool in business and public policy in Europe and the United States, foresight methods are particularly well-suited to a variety of rapidly evolving situations, organizations and environments.  <\/span>[\/vc_column_text][vc_separator el_width=&#8221;90&#8243; css=&#8221;.vc_custom_1740513421725{padding-top: 20px !important;padding-bottom: 20px !important;}&#8221;][vc_column_text css=&#8221;.vc_custom_1740432267373{margin-bottom: 0px !important;}&#8221;]<\/p>\n<div>\n<div>\n<h2 style=\"text-align: center;\">Our services<\/h2>\n<\/div>\n<\/div>\n<p>[\/vc_column_text][\/vc_column][\/vc_row][vc_row equal_height=&#8221;yes&#8221; content_placement=&#8221;top&#8221; parallax=&#8221;content-moving&#8221; min_height=&#8221;260&#8243; css=&#8221;.vc_custom_1740523742051{padding-top: 30px !important;padding-right: 30px !important;padding-bottom: 30px !important;padding-left: 30px !important;background-image: url(https:\/\/dev.demains.co\/wp-content\/uploads\/2025\/02\/debora-pilati-dOG0z4-gqp0-unsplash.jpg?id=938) !important;background-position: center;background-repeat: no-repeat;background-size: cover !important;}&#8221;][vc_column][vc_row_inner][vc_column_inner width=&#8221;1\/3&#8243;][vc_column_text css=&#8221;&#8221;]<span style=\"background-color: #1d3155; margin: 0; text-transform: uppercase; font-size: 0.7em; line-height: 1.5em; color: #fff;\">  Anticipate the future  <\/span><\/p>\n<h3 style=\"margin-top: -10px; padding-top: 0;\">Trend &amp; Signal Detection<\/h3>\n<p>[\/vc_column_text][\/vc_column_inner][vc_column_inner width=&#8221;1\/3&#8243;][vc_column_text css=&#8221;&#8221;]<span style=\"background-color: #1d3155; margin: 0; text-transform: uppercase; font-size: 0.7em; line-height: 1.5em; color: #fff;\">  Turn vision into action  <\/span><\/p>\n<h3 style=\"margin-top: -10px; padding-top: 0;\">Analysis &amp; Strategy<\/h3>\n<p>[\/vc_column_text][\/vc_column_inner][vc_column_inner width=&#8221;1\/3&#8243;][vc_column_text css=&#8221;&#8221;]<span style=\"background-color: #1d3155; margin: 0; text-transform: uppercase; font-size: 0.7em; line-height: 1.5em; color: #fff;\">  Innovate collectively  <\/span><\/p>\n<h3 style=\"margin-top: -10px; padding-top: 0;\">Workshops &amp; Training<\/h3>\n<p>[\/vc_column_text][\/vc_column_inner][\/vc_row_inner][\/vc_column][vc_column][lab_button title=&#8221;Learn more&#8221; type=&#8221;standard&#8221; button_bg=&#8221;custom&#8221; link=&#8221;url:https%3A%2F%2Fdev.demains.co%2Fservices%2F|title:Services|&#8221; button_txt_custom=&#8221;#FFFFFF&#8221; button_txt_hover_custom=&#8221;#1D3155&#8243; css=&#8221;.vc_custom_1740513805076{margin-top: 20px !important;}&#8221; el_class=&#8221;my-wide-button&#8221;][\/vc_column][\/vc_row][vc_row css=&#8221;.vc_custom_1740511902325{margin-top: 35px !important;}&#8221;][vc_column width=&#8221;5\/6&#8243; offset=&#8221;vc_col-lg-offset-1&#8243;][vc_column_text css=&#8221;.vc_custom_1740513402677{margin-bottom: 40px !important;}&#8221;]<\/p>\n<h2 style=\"text-align: center;\">They put their trust in us<\/h2>\n<p>[\/vc_column_text][lab_clients columns_count=&#8221;6&#8243; column_spacing=&#8221;yes&#8221; image_borders=&#8221;no&#8221; hover_style=&#8221;none&#8221; reveal_effect=&#8221;none&#8221; css=&#8221;.vc_custom_1740513299325{margin-bottom: 35px !important;}&#8221; img_size=&#8221;full&#8221;][lab_clients_entry image=&#8221;842&#8243; title=&#8221;Z\u00fa&#8221;][lab_clients_entry image=&#8221;843&#8243; title=&#8221;Mus\u00e9e de la civilisation du Qu\u00e9bec&#8221;][lab_clients_entry image=&#8221;844&#8243; title=&#8221;BCTQ&#8221;][lab_clients_entry image=&#8221;845&#8243; title=&#8221;Duceppe&#8221;][lab_clients_entry image=&#8221;846&#8243; title=&#8221;TechnoComp\u00e9tences&#8221;][lab_clients_entry image=&#8221;847&#8243; title=&#8221;Xn Quebec&#8221;][lab_clients_entry image=&#8221;848&#8243; title=&#8221;Telefilm Canada&#8221;][lab_clients_entry image=&#8221;849&#8243; title=&#8221;Directors Guild of Canada&#8221;][lab_clients_entry image=&#8221;840&#8243; title=&#8221;CDEC&#8221;][lab_clients_entry image=&#8221;821&#8243; title=&#8221;Canada Media Fund&#8221;][lab_clients_entry image=&#8221;839&#8243; title=&#8221;La Factry&#8221;][\/lab_clients][vc_separator el_width=&#8221;70&#8243; css=&#8221;.vc_custom_1740088263156{padding-top: 20px !important;padding-bottom: 20px !important;}&#8221;][vc_column_text css=&#8221;&#8221;]<\/p>\n<h2 style=\"text-align: center;\">Telescope: a great favorite among our subscribers!<\/h2>\n<p>[\/vc_column_text][\/vc_column][vc_column][\/vc_column][vc_column][\/vc_column][\/vc_row][vc_row][vc_column width=&#8221;1\/3&#8243; offset=&#8221;vc_col-lg-offset-2&#8243;][vc_column_text css=&#8221;&#8221;]Detect weak signals, explore the uses of foresight and discover the innovative practices of La Soci\u00e9t\u00e9 des demains by subscribing to our bimonthly newsletter! (In French.)[\/vc_column_text][\/vc_column][vc_column width=&#8221;1\/3&#8243;][vc_raw_html css=&#8221;&#8221;]PHNjcmlwdCBhc3luYyBzcmM9Imh0dHBzOi8vZW9tYWlsNi5jb20vZm9ybS9mOWE1NGVjMy0yNDlhLTExZWQtOWEzMi0wMjQxYjk2MTU3NjMuanMiIGRhdGEtZm9ybT0iZjlhNTRlYzMtMjQ5YS0xMWVkLTlhMzItMDI0MWI5NjE1NzYzIj48L3NjcmlwdD4=[\/vc_raw_html][\/vc_column][\/vc_row][vc_row][vc_column width=&#8221;5\/6&#8243; offset=&#8221;vc_col-lg-offset-1&#8243;][vc_separator el_width=&#8221;70&#8243; css=&#8221;.vc_custom_1740513922596{padding-top: 20px !important;padding-bottom: 20px !important;}&#8221;][vc_column_text css=&#8221;&#8221;]<\/p>\n<h2 style=\"text-align: center;\">Get a head start on tomorrow! \ud83d\ude80<\/h2>\n<p>[\/vc_column_text][\/vc_column][\/vc_row][vc_row][vc_column width=&#8221;2\/3&#8243; offset=&#8221;vc_col-lg-offset-2&#8243;][vc_column_text css=&#8221;&#8221;]<span style=\"line-height: 1.5em;\">Together, we can anticipate change, turn uncertainties into opportunities, and build today the strategies that will make you successful tomorrow.<\/span>[\/vc_column_text][lab_button title=&#8221;Take action &#8211; Contact us!&#8221; type=&#8221;standard&#8221; button_bg=&#8221;custom&#8221; button_txt_custom=&#8221;#FFFFFF&#8221; button_txt_hover_custom=&#8221;#1D3155&#8243;][\/vc_column][\/vc_row]<\/p>\n<\/div>","protected":false},"excerpt":{"rendered":"<p>[vc_row full_width=&#8221;stretch_row&#8221; content_placement=&#8221;middle&#8221; css=&#8221;.vc_custom_1740501832673{margin-bottom: 25px !important;padding-top: 20px !important;padding-right: 35px !important;padding-bottom: 20px !important;padding-left: 35px !important;background-color: #1D3155 !important;}&#8221;][vc_column width=&#8221;1\/2&#8243; offset=&#8221;vc_col-lg-offset-0&#8243; css=&#8221;.vc_custom_1740408715225{margin-right: 20px !important;margin-bottom: 20px !important;}&#8221;][vc_custom_heading text=&#8221;Demain is French for tomorrow. We can shape it together, starting today&#8221; font_container=&#8221;tag:h1|text_align:left|color:%23FFFFFF&#8221; use_theme_fonts=&#8221;yes&#8221; css=&#8221;&#8221;][vc_column_text css=&#8221;&#8221;] What if uncertainty became your best asset? In today\u2019s fast-paced world, traditional planning methods have their&hellip;<\/p>\n","protected":false},"author":1,"featured_media":0,"parent":0,"menu_order":0,"comment_status":"closed","ping_status":"closed","template":"","meta":{"footnotes":""},"class_list":["post-969","page","type-page","status-publish","hentry"],"_links":{"self":[{"href":"https:\/\/demains.co\/en\/wp-json\/wp\/v2\/pages\/969","targetHints":{"allow":["GET"]}}],"collection":[{"href":"https:\/\/demains.co\/en\/wp-json\/wp\/v2\/pages"}],"about":[{"href":"https:\/\/demains.co\/en\/wp-json\/wp\/v2\/types\/page"}],"author":[{"embeddable":true,"href":"https:\/\/demains.co\/en\/wp-json\/wp\/v2\/users\/1"}],"replies":[{"embeddable":true,"href":"https:\/\/demains.co\/en\/wp-json\/wp\/v2\/comments?post=969"}],"version-history":[{"count":10,"href":"https:\/\/demains.co\/en\/wp-json\/wp\/v2\/pages\/969\/revisions"}],"predecessor-version":[{"id":1015,"href":"https:\/\/demains.co\/en\/wp-json\/wp\/v2\/pages\/969\/revisions\/1015"}],"wp:attachment":[{"href":"https:\/\/demains.co\/en\/wp-json\/wp\/v2\/media?parent=969"}],"curies":[{"name":"wp","href":"https:\/\/api.w.org\/{rel}","templated":true}]}}