{"id":980,"date":"2025-02-23T19:22:15","date_gmt":"2025-02-24T00:22:15","guid":{"rendered":"https:\/\/dev.demains.co\/services\/"},"modified":"2025-02-26T10:23:00","modified_gmt":"2025-02-26T14:23:00","slug":"services","status":"publish","type":"page","link":"https:\/\/demains.co\/en\/services\/","title":{"rendered":"Services"},"content":{"rendered":"<div class=\"wpb-content-wrapper\"><p>[vc_row][vc_column width=&#8221;2\/3&#8243; offset=&#8221;vc_col-lg-offset-2&#8243;][vc_custom_heading source=&#8221;post_title&#8221; font_container=&#8221;tag:h1|text_align:center|color:%231D3155&#8243; use_theme_fonts=&#8221;yes&#8221; css=&#8221;.vc_custom_1740579777310{margin-bottom: 35px !important;}&#8221;][vc_custom_heading text=&#8221;From expertise to action: our unique toolbox for your success&#8221; font_container=&#8221;tag:h2|font_size:32|text_align:center|color:%231D3155&#8243; use_theme_fonts=&#8221;yes&#8221; css=&#8221;.vc_custom_1740409194908{margin-bottom: 35px !important;}&#8221; el_class=&#8221;my-subhead&#8221;][\/vc_column][\/vc_row][vc_row content_placement=&#8221;middle&#8221; css=&#8221;.vc_custom_1740435972658{padding-top: 10px !important;padding-right: 20px !important;padding-bottom: 20px !important;padding-left: 20px !important;background-color: #9FB5DE !important;border-radius: 10px !important;border-color: #9FB5DE !important;}&#8221;][vc_column width=&#8221;1\/2&#8243;][vc_column_text css=&#8221;.vc_custom_1740416841427{margin-bottom: 0px !important;}&#8221;]<\/p>\n<div style=\"font-size: 1.1em;\">\n<p>Over the years, we\u2019ve refined an approach that combines the best of corporate strategy and foresight. Our strength? Combining proven methods with our field experience in research, analysis and group facilitation.<\/p>\n<p>Discover how our expertise can transform complex concepts into concrete solutions for your organization.<\/p>\n<\/div>\n<p>[\/vc_column_text][\/vc_column][vc_column width=&#8221;1\/2&#8243;][vc_progress_bar values=&#8221;%5B%7B%22label%22%3A%2210%20ans%20ou%20moins%22%2C%22value%22%3A%2239%22%2C%22color%22%3A%22custom%22%2C%22customcolor%22%3A%22%231D3155%22%2C%22customtxtcolor%22%3A%22%23FFFFFF%22%7D%2C%7B%22label%22%3A%22Plus%20de%2010%20ans%22%2C%22value%22%3A%2259%22%2C%22color%22%3A%22custom%22%2C%22customcolor%22%3A%22%231D3155%22%2C%22customtxtcolor%22%3A%22%23FFFFFF%22%7D%5D&#8221; bgcolor=&#8221;black&#8221; css=&#8221;.vc_custom_1740426650776{margin-top: 20px !important;margin-bottom: 5px !important;}&#8221; title=&#8221;Nearly 40% of business owners don&apos;t think their company will be economically viable in ten years\u2019 time if it continues on its current path.&#8221; el_class=&#8221;my-bars&#8221; units=&#8221;%&#8221;][vc_column_text css=&#8221;&#8221;]<small><a href=\"https:\/\/www.pwc.com\/gx\/en\/ceo-survey\/2023\/main\/download\/26th_CEO_Survey_PDF_v1.pdf\" target=\"_blank\" rel=\"noopener\">Source<\/a><\/small>[\/vc_column_text][\/vc_column][\/vc_row][vc_row][vc_column width=&#8221;2\/3&#8243; offset=&#8221;vc_col-lg-offset-2&#8243;][vc_column_text css=&#8221;&#8221;]<\/p>\n<h3>1. Trends &amp; Signals Detection | Anticipate the future<\/h3>\n<p>Passionate about discovering fragments of the future already emerging, we transform weak signals into strategic information. Our team analyzes the drivers of change to give you a head start:<\/p>\n<ul>\n<li>Insightful trend reports<\/li>\n<li>Targeted content curation<\/li>\n<li>Inspiring white papers<\/li>\n<li>Strategic monitoring of weak signals<\/li>\n<\/ul>\n<h3>2. Analysis &amp; Strategy | Turn vision into action<\/h3>\n<p>Together, we turn future opportunities into action plans:<\/p>\n<ul>\n<li>Analysis of macro change drivers<\/li>\n<li>Development of positioning and load-bearing trajectories<\/li>\n<li>Strategic alignment: vision over three time horizons<\/li>\n<li>Strategic coaching for executives and decision-makers<\/li>\n<\/ul>\n<h3>3. Workshops &amp; Training | Innovate collectively<\/h3>\n<p>Discover a new way of thinking about the future! In just a few hours, unleash your team\u2019s creative potential and transform your vision of the future:<\/p>\n<ul>\n<li>Practical foresight training<\/li>\n<li>Tailor-made inspirational conferences<\/li>\n<li>Expert popularization of complex subjects<\/li>\n<li>Creating inspiring stories of the future<\/li>\n<\/ul>\n<p>[\/vc_column_text][\/vc_column][\/vc_row][vc_row][vc_column width=&#8221;2\/3&#8243; css=&#8221;.vc_custom_1740353984206{padding-top: 25px !important;padding-right: 20px !important;padding-bottom: 20px !important;padding-left: 20px !important;background-color: #F1F1F1 !important;border-radius: 10px !important;border-color: #F1F1F1 !important;}&#8221; offset=&#8221;vc_col-lg-offset-2&#8243;][vc_column_text css=&#8221;&#8221;]The Soci\u00e9t\u00e9 des Demains is preparing a brand new range of \u00e0 la carte training courses, workshops and conferences.<\/p>\n<p>Stay in the loop and be the first to know![\/vc_column_text][vc_raw_html css=&#8221;.vc_custom_1740491979227{margin-right: 0px !important;margin-bottom: 0px !important;margin-left: 55px !important;}&#8221;]PHNjcmlwdCBhc3luYyBzcmM9Imh0dHBzOi8vZW9tYWlsNi5jb20vZm9ybS9mOTdhZDFlNi1mMzdmLTExZWYtODNmNy1kMWRiM2IyMTg2ZDcuanMiIGRhdGEtZm9ybT0iZjk3YWQxZTYtZjM3Zi0xMWVmLTgzZjctZDFkYjNiMjE4NmQ3Ij48L3NjcmlwdD4=[\/vc_raw_html][\/vc_column][\/vc_row]<\/p>\n<\/div>","protected":false},"excerpt":{"rendered":"<p>[vc_row][vc_column width=&#8221;2\/3&#8243; offset=&#8221;vc_col-lg-offset-2&#8243;][vc_custom_heading source=&#8221;post_title&#8221; font_container=&#8221;tag:h1|text_align:center|color:%231D3155&#8243; use_theme_fonts=&#8221;yes&#8221; css=&#8221;.vc_custom_1740579777310{margin-bottom: 35px !important;}&#8221;][vc_custom_heading text=&#8221;From expertise to action: our unique toolbox for your success&#8221; font_container=&#8221;tag:h2|font_size:32|text_align:center|color:%231D3155&#8243; use_theme_fonts=&#8221;yes&#8221; css=&#8221;.vc_custom_1740409194908{margin-bottom: 35px !important;}&#8221; el_class=&#8221;my-subhead&#8221;][\/vc_column][\/vc_row][vc_row content_placement=&#8221;middle&#8221; css=&#8221;.vc_custom_1740435972658{padding-top: 10px !important;padding-right: 20px !important;padding-bottom: 20px !important;padding-left: 20px !important;background-color: #9FB5DE !important;border-radius: 10px !important;border-color: #9FB5DE !important;}&#8221;][vc_column width=&#8221;1\/2&#8243;][vc_column_text css=&#8221;.vc_custom_1740416841427{margin-bottom: 0px !important;}&#8221;] Over the years, we\u2019ve refined an approach that combines the&hellip;<\/p>\n","protected":false},"author":1,"featured_media":0,"parent":0,"menu_order":0,"comment_status":"closed","ping_status":"closed","template":"","meta":{"footnotes":""},"class_list":["post-980","page","type-page","status-publish","hentry"],"_links":{"self":[{"href":"https:\/\/demains.co\/en\/wp-json\/wp\/v2\/pages\/980","targetHints":{"allow":["GET"]}}],"collection":[{"href":"https:\/\/demains.co\/en\/wp-json\/wp\/v2\/pages"}],"about":[{"href":"https:\/\/demains.co\/en\/wp-json\/wp\/v2\/types\/page"}],"author":[{"embeddable":true,"href":"https:\/\/demains.co\/en\/wp-json\/wp\/v2\/users\/1"}],"replies":[{"embeddable":true,"href":"https:\/\/demains.co\/en\/wp-json\/wp\/v2\/comments?post=980"}],"version-history":[{"count":2,"href":"https:\/\/demains.co\/en\/wp-json\/wp\/v2\/pages\/980\/revisions"}],"predecessor-version":[{"id":1013,"href":"https:\/\/demains.co\/en\/wp-json\/wp\/v2\/pages\/980\/revisions\/1013"}],"wp:attachment":[{"href":"https:\/\/demains.co\/en\/wp-json\/wp\/v2\/media?parent=980"}],"curies":[{"name":"wp","href":"https:\/\/api.w.org\/{rel}","templated":true}]}}